{"id":1565,"date":"2024-05-16T08:35:25","date_gmt":"2024-05-16T06:35:25","guid":{"rendered":"https:\/\/www.gesinegold.de\/?page_id=1565"},"modified":"2025-11-05T05:59:50","modified_gmt":"2025-11-05T04:59:50","slug":"contact","status":"publish","type":"page","link":"https:\/\/www.gesinegold.com\/en\/contact\/","title":{"rendered":"Contact"},"content":{"rendered":"\t\t<div data-elementor-type=\"wp-page\" data-elementor-id=\"1565\" class=\"elementor elementor-1565\" data-elementor-post-type=\"page\">\n\t\t\t\t<div class=\"elementor-element elementor-element-8741b19 e-flex e-con-boxed e-con e-parent\" data-id=\"8741b19\" data-element_type=\"container\" data-e-type=\"container\">\n\t\t\t\t\t<div class=\"e-con-inner\">\n\t\t\t\t<div class=\"elementor-element elementor-element-436fcbc elementor-widget elementor-widget-image\" data-id=\"436fcbc\" data-element_type=\"widget\" data-e-type=\"widget\" data-widget_type=\"image.default\">\n\t\t\t\t<div class=\"elementor-widget-container\">\n\t\t\t\t\t\t\t\t\t\t\t\t\t\t\t<img fetchpriority=\"high\" decoding=\"async\" width=\"1024\" height=\"139\" src=\"https:\/\/www.gesinegold.com\/wp-content\/uploads\/2024\/05\/gesine-gold-exellence-in-branding-1024x139.png\" class=\"attachment-large size-large wp-image-75\" alt=\"impressum\" srcset=\"https:\/\/www.gesinegold.com\/wp-content\/uploads\/2024\/05\/gesine-gold-exellence-in-branding-1024x139.png 1024w, https:\/\/www.gesinegold.com\/wp-content\/uploads\/2024\/05\/gesine-gold-exellence-in-branding-300x41.png 300w, https:\/\/www.gesinegold.com\/wp-content\/uploads\/2024\/05\/gesine-gold-exellence-in-branding-768x105.png 768w, https:\/\/www.gesinegold.com\/wp-content\/uploads\/2024\/05\/gesine-gold-exellence-in-branding-18x2.png 18w, https:\/\/www.gesinegold.com\/wp-content\/uploads\/2024\/05\/gesine-gold-exellence-in-branding.png 1204w\" sizes=\"(max-width: 1024px) 100vw, 1024px\" \/>\t\t\t\t\t\t\t\t\t\t\t\t\t\t\t<\/div>\n\t\t\t\t<\/div>\n\t\t\t\t\t<\/div>\n\t\t\t\t<\/div>\n\t\t<div class=\"elementor-element elementor-element-12ce411 e-con-full e-flex e-con e-parent\" data-id=\"12ce411\" data-element_type=\"container\" data-e-type=\"container\">\n\t\t<div class=\"elementor-element elementor-element-7dc3849 e-con-full e-flex e-con e-child\" data-id=\"7dc3849\" data-element_type=\"container\" data-e-type=\"container\">\n\t\t<div class=\"elementor-element elementor-element-1216e8f e-con-full e-flex e-con e-child\" data-id=\"1216e8f\" data-element_type=\"container\" data-e-type=\"container\" data-settings=\"{&quot;background_background&quot;:&quot;classic&quot;}\">\n\t\t\t\t<div class=\"elementor-element elementor-element-bc1164e elementor-widget elementor-widget-image\" data-id=\"bc1164e\" data-element_type=\"widget\" data-e-type=\"widget\" data-widget_type=\"image.default\">\n\t\t\t\t<div class=\"elementor-widget-container\">\n\t\t\t\t\t\t\t\t\t\t\t\t\t\t\t<img decoding=\"async\" width=\"999\" height=\"1000\" src=\"https:\/\/www.gesinegold.com\/wp-content\/uploads\/2024\/08\/Gesine-Gold-Portrait.jpg\" class=\"attachment-large size-large wp-image-4220\" alt=\"Gesine Gold Portrait\" srcset=\"https:\/\/www.gesinegold.com\/wp-content\/uploads\/2024\/08\/Gesine-Gold-Portrait.jpg 999w, https:\/\/www.gesinegold.com\/wp-content\/uploads\/2024\/08\/Gesine-Gold-Portrait-300x300.jpg 300w, https:\/\/www.gesinegold.com\/wp-content\/uploads\/2024\/08\/Gesine-Gold-Portrait-150x150.jpg 150w, https:\/\/www.gesinegold.com\/wp-content\/uploads\/2024\/08\/Gesine-Gold-Portrait-768x769.jpg 768w, https:\/\/www.gesinegold.com\/wp-content\/uploads\/2024\/08\/Gesine-Gold-Portrait-12x12.jpg 12w\" sizes=\"(max-width: 999px) 100vw, 999px\" \/>\t\t\t\t\t\t\t\t\t\t\t\t\t\t\t<\/div>\n\t\t\t\t<\/div>\n\t\t\t\t<\/div>\n\t\t<div class=\"elementor-element elementor-element-37e128d e-flex e-con-boxed e-con e-child\" data-id=\"37e128d\" data-element_type=\"container\" data-e-type=\"container\">\n\t\t\t\t\t<div class=\"e-con-inner\">\n\t\t\t\t<div class=\"elementor-element elementor-element-cd3c99f elementor-widget elementor-widget-text-editor\" data-id=\"cd3c99f\" data-element_type=\"widget\" data-e-type=\"widget\" data-widget_type=\"text-editor.default\">\n\t\t\t\t<div class=\"elementor-widget-container\">\n\t\t\t\t\t\t\t\t\t<p>ZENTRALE <a href=\"tel:+494073441111\">+49(o) 40 73 44 1111<\/a><br \/>MOBILE\u00a0<a href=\"tel:+491707383800\">+49(0) 170 73 83 800<\/a><br \/>MAIL\u00a0<a href=\"mailto:contact@gesinegold.com\">contact@gesinegold.com<\/a><\/p>\t\t\t\t\t\t\t\t<\/div>\n\t\t\t\t<\/div>\n\t\t\t\t\t<\/div>\n\t\t\t\t<\/div>\n\t\t\t\t<\/div>\n\t\t\t\t<\/div>\n\t\t<div class=\"elementor-element elementor-element-07d97ce e-con-full e-flex e-con e-child\" data-id=\"07d97ce\" data-element_type=\"container\" data-e-type=\"container\">\n\t\t\t\t<div class=\"elementor-element elementor-element-d8f6c77 elementor-widget__width-initial custom-contact-form-style elementor-button-align-stretch elementor-widget elementor-widget-form\" data-id=\"d8f6c77\" data-element_type=\"widget\" data-e-type=\"widget\" data-settings=\"{&quot;step_next_label&quot;:&quot;Next&quot;,&quot;step_previous_label&quot;:&quot;Previous&quot;,&quot;button_width&quot;:&quot;100&quot;,&quot;step_type&quot;:&quot;number_text&quot;,&quot;step_icon_shape&quot;:&quot;circle&quot;}\" data-widget_type=\"form.default\">\n\t\t\t\t<div class=\"elementor-widget-container\">\n\t\t\t\t\t\t\t<form class=\"elementor-form\" method=\"post\" name=\"New Form\" aria-label=\"New Form\">\n\t\t\t<input type=\"hidden\" name=\"post_id\" value=\"1565\"\/>\n\t\t\t<input type=\"hidden\" name=\"form_id\" value=\"d8f6c77\"\/>\n\t\t\t<input type=\"hidden\" name=\"referer_title\" value=\"Contact - Gesine Gold Branding GmbH\" \/>\n\n\t\t\t\t\t\t\t<input type=\"hidden\" name=\"queried_id\" value=\"1565\"\/>\n\t\t\t\n\t\t\t<div class=\"elementor-form-fields-wrapper elementor-labels-above\">\n\t\t\t\t\t\t\t\t<div class=\"elementor-field-type-text elementor-field-group elementor-column elementor-field-group-name elementor-col-50 elementor-field-required\">\n\t\t\t\t\t\t\t\t\t\t\t\t<label for=\"form-field-name\" class=\"elementor-field-label\">\n\t\t\t\t\t\t\t\tName\t\t\t\t\t\t\t<\/label>\n\t\t\t\t\t\t\t\t\t\t\t\t\t\t<input size=\"1\" type=\"text\" name=\"form_fields[name]\" id=\"form-field-name\" class=\"elementor-field elementor-size-sm  elementor-field-textual\" placeholder=\"Max Mustermann\" required=\"required\">\n\t\t\t\t\t\t\t\t\t\t\t<\/div>\n\t\t\t\t\t\t\t\t<div class=\"elementor-field-type-text elementor-field-group elementor-column elementor-field-group-field_a8173d1 elementor-col-50\">\n\t\t\t\t\t\t\t\t\t\t\t\t<label for=\"form-field-field_a8173d1\" class=\"elementor-field-label\">\n\t\t\t\t\t\t\t\tFirma\t\t\t\t\t\t\t<\/label>\n\t\t\t\t\t\t\t\t\t\t\t\t\t\t<input size=\"1\" type=\"text\" name=\"form_fields[field_a8173d1]\" id=\"form-field-field_a8173d1\" class=\"elementor-field elementor-size-sm  elementor-field-textual\" placeholder=\"Mustermann GmbH\">\n\t\t\t\t\t\t\t\t\t\t\t<\/div>\n\t\t\t\t\t\t\t\t<div class=\"elementor-field-type-email elementor-field-group elementor-column elementor-field-group-email elementor-col-100 elementor-field-required\">\n\t\t\t\t\t\t\t\t\t\t\t\t<label for=\"form-field-email\" class=\"elementor-field-label\">\n\t\t\t\t\t\t\t\tE-Mail\t\t\t\t\t\t\t<\/label>\n\t\t\t\t\t\t\t\t\t\t\t\t\t\t<input size=\"1\" type=\"email\" name=\"form_fields[email]\" id=\"form-field-email\" class=\"elementor-field elementor-size-sm  elementor-field-textual\" placeholder=\"max.mustermann@example.com\" required=\"required\">\n\t\t\t\t\t\t\t\t\t\t\t<\/div>\n\t\t\t\t\t\t\t\t<div class=\"elementor-field-type-textarea elementor-field-group elementor-column elementor-field-group-message elementor-col-100\">\n\t\t\t\t\t\t\t\t\t\t\t\t<label for=\"form-field-message\" class=\"elementor-field-label\">\n\t\t\t\t\t\t\t\tNachricht\t\t\t\t\t\t\t<\/label>\n\t\t\t\t\t\t<textarea class=\"elementor-field-textual elementor-field  elementor-size-sm\" name=\"form_fields[message]\" id=\"form-field-message\" rows=\"4\" placeholder=\"Ihre Anfrage\"><\/textarea>\t\t\t\t<\/div>\n\t\t\t\t\t\t\t\t<div class=\"elementor-field-type-acceptance elementor-field-group elementor-column elementor-field-group-field_6a01b40 elementor-col-100 elementor-field-required\">\n\t\t\t\t\t\t\t<div class=\"elementor-field-subgroup\">\n\t\t\t<span class=\"elementor-field-option\">\n\t\t\t\t<input type=\"checkbox\" name=\"form_fields[field_6a01b40]\" id=\"form-field-field_6a01b40\" class=\"elementor-field elementor-size-sm  elementor-acceptance-field\" required=\"required\">\n\t\t\t\t<label for=\"form-field-field_6a01b40\">Ich stimme zu, dass die Angaben aus dem Formular zur Beantwortung der Anfrage erhoben und verarbeitet werden. Die Daten werden nach abgeschlossener Bearbeitung gel\u00f6scht. Hinweis: Sie k\u00f6nnen Ihre Einwilligung jederzeit f\u00fcr die Zukunft per E-Mail an contact@gesinegold.com widerrufen.\nDetaillierte Informationen zum Umgang mit Nutzerdaten finden Sie in unserer Datenschutzerkl\u00e4rung.<\/label>\t\t\t<\/span>\n\t\t<\/div>\n\t\t\t\t\t\t<\/div>\n\t\t\t\t\t\t\t\t<div class=\"elementor-field-type-recaptcha_v3 elementor-field-group elementor-column elementor-field-group-field_656fdd2 elementor-col-100 recaptcha_v3-bottomright\">\n\t\t\t\t\t<div class=\"elementor-field\" id=\"form-field-field_656fdd2\"><div class=\"elementor-g-recaptcha\" data-sitekey=\"6LcxYDgqAAAAAPYeMjJeIYpYzIbeUUUWpQ-oZwIj\" data-type=\"v3\" data-action=\"Form\" data-badge=\"bottomright\" data-size=\"invisible\"><\/div><\/div>\t\t\t\t<\/div>\n\t\t\t\t\t\t\t\t<div class=\"elementor-field-group elementor-column elementor-field-type-submit elementor-col-100 e-form__buttons\">\n\t\t\t\t\t<button class=\"elementor-button elementor-size-sm\" type=\"submit\">\n\t\t\t\t\t\t<span class=\"elementor-button-content-wrapper\">\n\t\t\t\t\t\t\t\t\t\t\t\t\t\t\t<span class=\"elementor-button-icon\">\n\t\t\t\t\t\t\t\t\t<svg xmlns=\"http:\/\/www.w3.org\/2000\/svg\" id=\"Layer_1\" data-name=\"Layer 1\" viewBox=\"0 0 62.59 19.79\"><defs><style>      .cls-1 {        fill: #fff;        stroke-width: 0px;      }    <\/style><\/defs><path class=\"cls-1\" d=\"M58.19,9.24l-5.91-5.91c-.2-.2-.51-.2-.71,0-.2.2-.2.51,0,.71l5.05,5.05H2.77c-.28,0-.5.22-.5.5s.22.5.5.5h53.87l-5.05,5.05c-.2.2-.2.51,0,.71.1.1.23.15.35.15s.26-.05.35-.15l5.91-5.91s.08-.1.11-.16c.05-.12.05-.26,0-.38-.03-.06-.06-.12-.11-.16Z\"><\/path><\/svg>\t\t\t\t\t\t\t\t\t\t\t\t\t\t\t\t\t<\/span>\n\t\t\t\t\t\t\t\t\t\t\t\t\t\t\t\t\t\t\t\t\t\t<span class=\"elementor-button-text\">Senden<\/span>\n\t\t\t\t\t\t\t\t\t\t\t\t\t<\/span>\n\t\t\t\t\t<\/button>\n\t\t\t\t<\/div>\n\t\t\t<\/div>\n\t\t<\/form>\n\t\t\t\t\t\t<\/div>\n\t\t\t\t<\/div>\n\t\t\t\t<\/div>\n\t\t<div class=\"elementor-element elementor-element-c449479 e-flex e-con-boxed e-con e-parent\" data-id=\"c449479\" data-element_type=\"container\" data-e-type=\"container\">\n\t\t\t\t\t<div class=\"e-con-inner\">\n\t\t<div class=\"elementor-element elementor-element-dd22500 e-flex e-con-boxed e-con e-child\" data-id=\"dd22500\" data-element_type=\"container\" data-e-type=\"container\">\n\t\t\t\t\t<div class=\"e-con-inner\">\n\t\t\t\t<div class=\"elementor-element elementor-element-8590373 elementor-widget elementor-widget-heading\" data-id=\"8590373\" data-element_type=\"widget\" data-e-type=\"widget\" data-widget_type=\"heading.default\">\n\t\t\t\t<div class=\"elementor-widget-container\">\n\t\t\t\t\t<h2 class=\"elementor-heading-title elementor-size-default\">Gemeinsam realisieren wir Ihre Vision<\/h2>\t\t\t\t<\/div>\n\t\t\t\t<\/div>\n\t\t\t\t<div class=\"elementor-element elementor-element-69bba66 elementor-widget__width-inherit elementor-widget elementor-widget-text-editor\" data-id=\"69bba66\" data-element_type=\"widget\" data-e-type=\"widget\" data-widget_type=\"text-editor.default\">\n\t\t\t\t<div class=\"elementor-widget-container\">\n\t\t\t\t\t\t\t\t\t<p>Der erste Schritt: Sie kontaktieren mich und wir vereinbaren ein unverbindliches Erstgespr\u00e4ch. In diesem Gespr\u00e4ch stelle ich gezielte Fragen, um Ihre Ausgangssituation und Ihre Anforderungen im Detail zu erfassen. Nur wenn ich sicher bin, dass ich mit meiner Expertise den idealen Mehrwert f\u00fcr Sie schaffen kann, schlage ich eine Zusammenarbeit vor.<\/p><p>Ist der Entschluss zur Zusammenarbeit gefasst, entwickle ich ein klares Konzept mit allen n\u00f6tigen Schritten zur Umsetzung. Sie erhalten zeitnah ein ma\u00dfgeschneidertes Angebot zum Festpreis. Ihre Zustimmung bedeutet: Der Startschuss f\u00e4llt. Bis dahin haben Sie keine Kosten.<\/p><p>Jetzt beginnt die Umsetzung \u2013 vom Konzept bis zur finalen Realisierung. Bei gr\u00f6\u00dferen Projekten setzen wir gemeinsam Meilensteine, die Ihnen schon fr\u00fch einen Einblick in die Entwicklung geben. So bleiben Sie im Prozess involviert und k\u00f6nnen jederzeit Anpassungen vornehmen. Diese transparente Zusammenarbeit schafft Sicherheit und garantiert, dass Sie ein Ergebnis erhalten, das Ihren Erwartungen entspricht.<\/p><p>Mit meinem exzellenten Netzwerk, den Freunden des guten Geschmacks (FDGG) realisieren wir den ganzheitlichen strategischen Markenaufbau f\u00fcr Sie.\u00a0<\/p>\t\t\t\t\t\t\t\t<\/div>\n\t\t\t\t<\/div>\n\t\t\t\t<div class=\"elementor-element elementor-element-2bba078 elementor-widget elementor-widget-heading\" data-id=\"2bba078\" data-element_type=\"widget\" data-e-type=\"widget\" data-widget_type=\"heading.default\">\n\t\t\t\t<div class=\"elementor-widget-container\">\n\t\t\t\t\t<h2 class=\"elementor-heading-title elementor-size-default\">Lassen Sie uns gemeinsam starten<\/h2>\t\t\t\t<\/div>\n\t\t\t\t<\/div>\n\t\t\t\t<div class=\"elementor-element elementor-element-5442742 elementor-widget__width-inherit elementor-widget elementor-widget-text-editor\" data-id=\"5442742\" data-element_type=\"widget\" data-e-type=\"widget\" data-widget_type=\"text-editor.default\">\n\t\t\t\t<div class=\"elementor-widget-container\">\n\t\t\t\t\t\t\t\t\tSie m\u00f6chten Ihr Projekt besprechen? Kontaktieren Sie mich einfach. Teilen Sie mir ein paar Eckdaten mit und wir vereinbaren ein Gespr\u00e4ch \u2013 wahlweise telefonisch oder bei einer Tasse Tee in der Wohnhalle des Grandhotels Vier Jahreszeiten in Hamburg. Rufen Sie mich auch gerne direkt an unter <span style=\"hyphens: none;\"><a href=\"tel:+494073441111\" >+49(o) 40 73 44 1111. <\/a><\/span>Das Erstgespr\u00e4ch ist kostenfrei und unverbindlich.\n\nErst nach Freigabe des detaillierten Kostenvoranschlags beginnt die Arbeit.\t\t\t\t\t\t\t\t<\/div>\n\t\t\t\t<\/div>\n\t\t\t\t\t<\/div>\n\t\t\t\t<\/div>\n\t\t\t\t\t<\/div>\n\t\t\t\t<\/div>\n\t\t<div class=\"elementor-element elementor-element-ed7bf67 e-con-full e-flex e-con e-parent\" data-id=\"ed7bf67\" data-element_type=\"container\" data-e-type=\"container\">\n\t\t<div class=\"elementor-element elementor-element-d4ec20c e-flex e-con-boxed e-con e-child\" data-id=\"d4ec20c\" data-element_type=\"container\" data-e-type=\"container\">\n\t\t\t\t\t<div class=\"e-con-inner\">\n\t\t<div class=\"elementor-element elementor-element-38f9b00 e-flex e-con-boxed e-con e-child\" data-id=\"38f9b00\" data-element_type=\"container\" data-e-type=\"container\">\n\t\t\t\t\t<div class=\"e-con-inner\">\n\t\t\t\t<div class=\"elementor-element elementor-element-d947b46 elementor-widget elementor-widget-image\" data-id=\"d947b46\" data-element_type=\"widget\" data-e-type=\"widget\" data-widget_type=\"image.default\">\n\t\t\t\t<div class=\"elementor-widget-container\">\n\t\t\t\t\t\t\t\t\t\t\t\t\t\t\t<img decoding=\"async\" width=\"300\" height=\"300\" src=\"https:\/\/www.gesinegold.com\/wp-content\/uploads\/2024\/05\/gesine-gold-cup-of-coffee-300x300-1.jpg\" class=\"attachment-large size-large wp-image-276\" alt=\"\" srcset=\"https:\/\/www.gesinegold.com\/wp-content\/uploads\/2024\/05\/gesine-gold-cup-of-coffee-300x300-1.jpg 300w, https:\/\/www.gesinegold.com\/wp-content\/uploads\/2024\/05\/gesine-gold-cup-of-coffee-300x300-1-150x150.jpg 150w, https:\/\/www.gesinegold.com\/wp-content\/uploads\/2024\/05\/gesine-gold-cup-of-coffee-300x300-1-12x12.jpg 12w\" sizes=\"(max-width: 300px) 100vw, 300px\" \/>\t\t\t\t\t\t\t\t\t\t\t\t\t\t\t<\/div>\n\t\t\t\t<\/div>\n\t\t\t\t\t<\/div>\n\t\t\t\t<\/div>\n\t\t<div class=\"elementor-element elementor-element-b21a0aa e-flex e-con-boxed e-con e-child\" data-id=\"b21a0aa\" data-element_type=\"container\" data-e-type=\"container\">\n\t\t\t\t\t<div class=\"e-con-inner\">\n\t\t\t\t<div class=\"elementor-element elementor-element-d30e757 elementor-widget__width-initial elementor-widget elementor-widget-text-editor\" data-id=\"d30e757\" data-element_type=\"widget\" data-e-type=\"widget\" data-widget_type=\"text-editor.default\">\n\t\t\t\t<div class=\"elementor-widget-container\">\n\t\t\t\t\t\t\t\t\t<p>Kontaktieren Sie uns noch heute, um gemeinsam mit uns die Reise anzutreten, Ihre Luxusmarke aufzubauen und sie zu einer wahren Ikone des Luxus zu machen \u2013 denn wahre Sch\u00f6nheit liegt im Detail, und bei Gesine Gold Branding sind wir darauf spezialisiert, genau diese Sch\u00f6nheit zu enth\u00fcllen und Ihre Qualit\u00e4t und Werte zu kommunizieren, damit sie zum strahlenden Stern im Premium &amp; Luxus Segment werden!<\/p><p>Wir freuen uns auf ein unverbindliches Erstgespr\u00e4ch bei einer Tasse Tee in der Wohnhalle des Grandhotels Vier Jahreszeiten oder einfach nur einen Zoomcall mit Ihnen.<\/p>\t\t\t\t\t\t\t\t<\/div>\n\t\t\t\t<\/div>\n\t\t\t\t\t<\/div>\n\t\t\t\t<\/div>\n\t\t\t\t\t<\/div>\n\t\t\t\t<\/div>\n\t\t\t\t<\/div>\n\t\t\t\t<\/div>\n\t\t","protected":false},"excerpt":{"rendered":"<p>ZENTRALE +49(o) 40 73 44 1111MOBILE\u00a0+49(0) 170 73 83 800MAIL\u00a0contact@gesinegold.com Gemeinsam realisieren wir Ihre Vision Der erste Schritt: Sie kontaktieren [&hellip;]<\/p>\n","protected":false},"author":1,"featured_media":0,"parent":0,"menu_order":0,"comment_status":"closed","ping_status":"closed","template":"","meta":{"site-sidebar-layout":"no-sidebar","site-content-layout":"","ast-site-content-layout":"full-width-container","site-content-style":"default","site-sidebar-style":"default","ast-global-header-display":"","ast-banner-title-visibility":"","ast-main-header-display":"","ast-hfb-above-header-display":"","ast-hfb-below-header-display":"","ast-hfb-mobile-header-display":"","site-post-title":"disabled","ast-breadcrumbs-content":"","ast-featured-img":"disabled","footer-sml-layout":"","theme-transparent-header-meta":"","adv-header-id-meta":"","stick-header-meta":"","header-above-stick-meta":"","header-main-stick-meta":"","header-below-stick-meta":"","astra-migrate-meta-layouts":"default","ast-page-background-enabled":"default","ast-page-background-meta":{"desktop":{"background-color":"var(--ast-global-color-4)","background-image":"","background-repeat":"repeat","background-position":"center center","background-size":"auto","background-attachment":"scroll","background-type":"","background-media":"","overlay-type":"","overlay-color":"","overlay-opacity":"","overlay-gradient":""},"tablet":{"background-color":"","background-image":"","background-repeat":"repeat","background-position":"center center","background-size":"auto","background-attachment":"scroll","background-type":"","background-media":"","overlay-type":"","overlay-color":"","overlay-opacity":"","overlay-gradient":""},"mobile":{"background-color":"","background-image":"","background-repeat":"repeat","background-position":"center center","background-size":"auto","background-attachment":"scroll","background-type":"","background-media":"","overlay-type":"","overlay-color":"","overlay-opacity":"","overlay-gradient":""}},"ast-content-background-meta":{"desktop":{"background-color":"var(--ast-global-color-5)","background-image":"","background-repeat":"repeat","background-position":"center center","background-size":"auto","background-attachment":"scroll","background-type":"","background-media":"","overlay-type":"","overlay-color":"","overlay-opacity":"","overlay-gradient":""},"tablet":{"background-color":"var(--ast-global-color-5)","background-image":"","background-repeat":"repeat","background-position":"center center","background-size":"auto","background-attachment":"scroll","background-type":"","background-media":"","overlay-type":"","overlay-color":"","overlay-opacity":"","overlay-gradient":""},"mobile":{"background-color":"var(--ast-global-color-5)","background-image":"","background-repeat":"repeat","background-position":"center center","background-size":"auto","background-attachment":"scroll","background-type":"","background-media":"","overlay-type":"","overlay-color":"","overlay-opacity":"","overlay-gradient":""}},"footnotes":""},"class_list":["post-1565","page","type-page","status-publish","hentry"],"_links":{"self":[{"href":"https:\/\/www.gesinegold.com\/en\/wp-json\/wp\/v2\/pages\/1565","targetHints":{"allow":["GET"]}}],"collection":[{"href":"https:\/\/www.gesinegold.com\/en\/wp-json\/wp\/v2\/pages"}],"about":[{"href":"https:\/\/www.gesinegold.com\/en\/wp-json\/wp\/v2\/types\/page"}],"author":[{"embeddable":true,"href":"https:\/\/www.gesinegold.com\/en\/wp-json\/wp\/v2\/users\/1"}],"replies":[{"embeddable":true,"href":"https:\/\/www.gesinegold.com\/en\/wp-json\/wp\/v2\/comments?post=1565"}],"version-history":[{"count":3,"href":"https:\/\/www.gesinegold.com\/en\/wp-json\/wp\/v2\/pages\/1565\/revisions"}],"predecessor-version":[{"id":11347,"href":"https:\/\/www.gesinegold.com\/en\/wp-json\/wp\/v2\/pages\/1565\/revisions\/11347"}],"wp:attachment":[{"href":"https:\/\/www.gesinegold.com\/en\/wp-json\/wp\/v2\/media?parent=1565"}],"curies":[{"name":"wp","href":"https:\/\/api.w.org\/{rel}","templated":true}]}}